{"id":209,"date":"2024-07-01T09:17:41","date_gmt":"2024-07-01T09:17:41","guid":{"rendered":"https:\/\/esg.fkaragic.com\/?page_id=209"},"modified":"2024-10-17T08:06:19","modified_gmt":"2024-10-17T08:06:19","slug":"usluge","status":"publish","type":"page","link":"https:\/\/esgconsulting.hr\/hr\/usluge\/","title":{"rendered":"Usluge"},"content":{"rendered":"","protected":false},"excerpt":{"rendered":"","protected":false},"author":1,"featured_media":310,"parent":0,"menu_order":0,"comment_status":"closed","ping_status":"closed","template":"tpl-services.php","meta":{"footnotes":""},"class_list":["post-209","page","type-page","status-publish","has-post-thumbnail","hentry"],"yoast_head":"<!-- This site is optimized with the Yoast SEO plugin v22.9 - https:\/\/yoast.com\/wordpress\/plugins\/seo\/ -->\n<title>Usluge - ESG Consulting<\/title>\n<meta name=\"description\" content=\"Transformirajte svoje poslovanje uz na\u0161e sveobuhvatne ESG savjetodavne usluge. Nudimo prilago\u0111ena rje\u0161enja za pobolj\u0161anje va\u0161e prakse za\u0161tite okoli\u0161a, dru\u0161tva i upravljanja, poti\u010du\u0107i odr\u017eivi rast i odgovorne poslovne modele.\" \/>\n<meta name=\"robots\" content=\"index, follow, max-snippet:-1, max-image-preview:large, max-video-preview:-1\" \/>\n<link rel=\"canonical\" href=\"https:\/\/esgconsulting.hr\/hr\/usluge\/\" \/>\n<meta property=\"og:locale\" content=\"hr_HR\" \/>\n<meta property=\"og:type\" content=\"article\" \/>\n<meta property=\"og:title\" content=\"Usluge - ESG Consulting\" \/>\n<meta property=\"og:description\" content=\"Transformirajte svoje poslovanje uz na\u0161e sveobuhvatne ESG savjetodavne usluge. Nudimo prilago\u0111ena rje\u0161enja za pobolj\u0161anje va\u0161e prakse za\u0161tite okoli\u0161a, dru\u0161tva i upravljanja, poti\u010du\u0107i odr\u017eivi rast i odgovorne poslovne modele.\" \/>\n<meta property=\"og:url\" content=\"https:\/\/esgconsulting.hr\/hr\/usluge\/\" \/>\n<meta property=\"og:site_name\" content=\"ESG Consulting\" \/>\n<meta property=\"article:modified_time\" content=\"2024-10-17T08:06:19+00:00\" \/>\n<meta property=\"og:image\" content=\"https:\/\/esgconsulting.hr\/wp-content\/uploads\/2024\/07\/ESG-logo-1.jpg\" \/>\n\t<meta property=\"og:image:width\" content=\"1200\" \/>\n\t<meta property=\"og:image:height\" content=\"444\" \/>\n\t<meta property=\"og:image:type\" content=\"image\/jpeg\" \/>\n<meta name=\"twitter:card\" content=\"summary_large_image\" \/>\n<meta name=\"twitter:label1\" content=\"Procijenjeno vrijeme \u010ditanja\" \/>\n\t<meta name=\"twitter:data1\" content=\"1 minuta\" \/>\n<script type=\"application\/ld+json\" class=\"yoast-schema-graph\">{\"@context\":\"https:\/\/schema.org\",\"@graph\":[{\"@type\":\"WebPage\",\"@id\":\"https:\/\/esgconsulting.hr\/hr\/usluge\/\",\"url\":\"https:\/\/esgconsulting.hr\/hr\/usluge\/\",\"name\":\"Usluge - ESG Consulting\",\"isPartOf\":{\"@id\":\"https:\/\/esgconsulting.hr\/#website\"},\"primaryImageOfPage\":{\"@id\":\"https:\/\/esgconsulting.hr\/hr\/usluge\/#primaryimage\"},\"image\":{\"@id\":\"https:\/\/esgconsulting.hr\/hr\/usluge\/#primaryimage\"},\"thumbnailUrl\":\"https:\/\/esgconsulting.hr\/wp-content\/uploads\/2024\/07\/ESG-logo-1.jpg\",\"datePublished\":\"2024-07-01T09:17:41+00:00\",\"dateModified\":\"2024-10-17T08:06:19+00:00\",\"description\":\"Transformirajte svoje poslovanje uz na\u0161e sveobuhvatne ESG savjetodavne usluge. Nudimo prilago\u0111ena rje\u0161enja za pobolj\u0161anje va\u0161e prakse za\u0161tite okoli\u0161a, dru\u0161tva i upravljanja, poti\u010du\u0107i odr\u017eivi rast i odgovorne poslovne modele.\",\"breadcrumb\":{\"@id\":\"https:\/\/esgconsulting.hr\/hr\/usluge\/#breadcrumb\"},\"inLanguage\":\"hr\",\"potentialAction\":[{\"@type\":\"ReadAction\",\"target\":[\"https:\/\/esgconsulting.hr\/hr\/usluge\/\"]}]},{\"@type\":\"ImageObject\",\"inLanguage\":\"hr\",\"@id\":\"https:\/\/esgconsulting.hr\/hr\/usluge\/#primaryimage\",\"url\":\"https:\/\/esgconsulting.hr\/wp-content\/uploads\/2024\/07\/ESG-logo-1.jpg\",\"contentUrl\":\"https:\/\/esgconsulting.hr\/wp-content\/uploads\/2024\/07\/ESG-logo-1.jpg\",\"width\":1200,\"height\":444},{\"@type\":\"BreadcrumbList\",\"@id\":\"https:\/\/esgconsulting.hr\/hr\/usluge\/#breadcrumb\",\"itemListElement\":[{\"@type\":\"ListItem\",\"position\":1,\"name\":\"Home\",\"item\":\"https:\/\/esgconsulting.hr\/hr\/\"},{\"@type\":\"ListItem\",\"position\":2,\"name\":\"Usluge\"}]},{\"@type\":\"WebSite\",\"@id\":\"https:\/\/esgconsulting.hr\/#website\",\"url\":\"https:\/\/esgconsulting.hr\/\",\"name\":\"ESG Consulting\",\"description\":\"\",\"publisher\":{\"@id\":\"https:\/\/esgconsulting.hr\/#organization\"},\"potentialAction\":[{\"@type\":\"SearchAction\",\"target\":{\"@type\":\"EntryPoint\",\"urlTemplate\":\"https:\/\/esgconsulting.hr\/?s={search_term_string}\"},\"query-input\":\"required name=search_term_string\"}],\"inLanguage\":\"hr\"},{\"@type\":\"Organization\",\"@id\":\"https:\/\/esgconsulting.hr\/#organization\",\"name\":\"ESG Consulting\",\"url\":\"https:\/\/esgconsulting.hr\/\",\"logo\":{\"@type\":\"ImageObject\",\"inLanguage\":\"hr\",\"@id\":\"https:\/\/esgconsulting.hr\/#\/schema\/logo\/image\/\",\"url\":\"https:\/\/esgconsulting.hr\/wp-content\/uploads\/2024\/07\/logo-1.png\",\"contentUrl\":\"https:\/\/esgconsulting.hr\/wp-content\/uploads\/2024\/07\/logo-1.png\",\"width\":222,\"height\":50,\"caption\":\"ESG Consulting\"},\"image\":{\"@id\":\"https:\/\/esgconsulting.hr\/#\/schema\/logo\/image\/\"}}]}<\/script>\n<!-- \/ Yoast SEO plugin. -->","yoast_head_json":{"title":"Usluge - ESG Consulting","description":"Transformirajte svoje poslovanje uz na\u0161e sveobuhvatne ESG savjetodavne usluge. Nudimo prilago\u0111ena rje\u0161enja za pobolj\u0161anje va\u0161e prakse za\u0161tite okoli\u0161a, dru\u0161tva i upravljanja, poti\u010du\u0107i odr\u017eivi rast i odgovorne poslovne modele.","robots":{"index":"index","follow":"follow","max-snippet":"max-snippet:-1","max-image-preview":"max-image-preview:large","max-video-preview":"max-video-preview:-1"},"canonical":"https:\/\/esgconsulting.hr\/hr\/usluge\/","og_locale":"hr_HR","og_type":"article","og_title":"Usluge - ESG Consulting","og_description":"Transformirajte svoje poslovanje uz na\u0161e sveobuhvatne ESG savjetodavne usluge. Nudimo prilago\u0111ena rje\u0161enja za pobolj\u0161anje va\u0161e prakse za\u0161tite okoli\u0161a, dru\u0161tva i upravljanja, poti\u010du\u0107i odr\u017eivi rast i odgovorne poslovne modele.","og_url":"https:\/\/esgconsulting.hr\/hr\/usluge\/","og_site_name":"ESG Consulting","article_modified_time":"2024-10-17T08:06:19+00:00","og_image":[{"width":1200,"height":444,"url":"https:\/\/esgconsulting.hr\/wp-content\/uploads\/2024\/07\/ESG-logo-1.jpg","type":"image\/jpeg"}],"twitter_card":"summary_large_image","twitter_misc":{"Procijenjeno vrijeme \u010ditanja":"1 minuta"},"schema":{"@context":"https:\/\/schema.org","@graph":[{"@type":"WebPage","@id":"https:\/\/esgconsulting.hr\/hr\/usluge\/","url":"https:\/\/esgconsulting.hr\/hr\/usluge\/","name":"Usluge - ESG Consulting","isPartOf":{"@id":"https:\/\/esgconsulting.hr\/#website"},"primaryImageOfPage":{"@id":"https:\/\/esgconsulting.hr\/hr\/usluge\/#primaryimage"},"image":{"@id":"https:\/\/esgconsulting.hr\/hr\/usluge\/#primaryimage"},"thumbnailUrl":"https:\/\/esgconsulting.hr\/wp-content\/uploads\/2024\/07\/ESG-logo-1.jpg","datePublished":"2024-07-01T09:17:41+00:00","dateModified":"2024-10-17T08:06:19+00:00","description":"Transformirajte svoje poslovanje uz na\u0161e sveobuhvatne ESG savjetodavne usluge. Nudimo prilago\u0111ena rje\u0161enja za pobolj\u0161anje va\u0161e prakse za\u0161tite okoli\u0161a, dru\u0161tva i upravljanja, poti\u010du\u0107i odr\u017eivi rast i odgovorne poslovne modele.","breadcrumb":{"@id":"https:\/\/esgconsulting.hr\/hr\/usluge\/#breadcrumb"},"inLanguage":"hr","potentialAction":[{"@type":"ReadAction","target":["https:\/\/esgconsulting.hr\/hr\/usluge\/"]}]},{"@type":"ImageObject","inLanguage":"hr","@id":"https:\/\/esgconsulting.hr\/hr\/usluge\/#primaryimage","url":"https:\/\/esgconsulting.hr\/wp-content\/uploads\/2024\/07\/ESG-logo-1.jpg","contentUrl":"https:\/\/esgconsulting.hr\/wp-content\/uploads\/2024\/07\/ESG-logo-1.jpg","width":1200,"height":444},{"@type":"BreadcrumbList","@id":"https:\/\/esgconsulting.hr\/hr\/usluge\/#breadcrumb","itemListElement":[{"@type":"ListItem","position":1,"name":"Home","item":"https:\/\/esgconsulting.hr\/hr\/"},{"@type":"ListItem","position":2,"name":"Usluge"}]},{"@type":"WebSite","@id":"https:\/\/esgconsulting.hr\/#website","url":"https:\/\/esgconsulting.hr\/","name":"ESG Consulting","description":"","publisher":{"@id":"https:\/\/esgconsulting.hr\/#organization"},"potentialAction":[{"@type":"SearchAction","target":{"@type":"EntryPoint","urlTemplate":"https:\/\/esgconsulting.hr\/?s={search_term_string}"},"query-input":"required name=search_term_string"}],"inLanguage":"hr"},{"@type":"Organization","@id":"https:\/\/esgconsulting.hr\/#organization","name":"ESG Consulting","url":"https:\/\/esgconsulting.hr\/","logo":{"@type":"ImageObject","inLanguage":"hr","@id":"https:\/\/esgconsulting.hr\/#\/schema\/logo\/image\/","url":"https:\/\/esgconsulting.hr\/wp-content\/uploads\/2024\/07\/logo-1.png","contentUrl":"https:\/\/esgconsulting.hr\/wp-content\/uploads\/2024\/07\/logo-1.png","width":222,"height":50,"caption":"ESG Consulting"},"image":{"@id":"https:\/\/esgconsulting.hr\/#\/schema\/logo\/image\/"}}]}},"_links":{"self":[{"href":"https:\/\/esgconsulting.hr\/hr\/wp-json\/wp\/v2\/pages\/209","targetHints":{"allow":["GET"]}}],"collection":[{"href":"https:\/\/esgconsulting.hr\/hr\/wp-json\/wp\/v2\/pages"}],"about":[{"href":"https:\/\/esgconsulting.hr\/hr\/wp-json\/wp\/v2\/types\/page"}],"author":[{"embeddable":true,"href":"https:\/\/esgconsulting.hr\/hr\/wp-json\/wp\/v2\/users\/1"}],"replies":[{"embeddable":true,"href":"https:\/\/esgconsulting.hr\/hr\/wp-json\/wp\/v2\/comments?post=209"}],"version-history":[{"count":17,"href":"https:\/\/esgconsulting.hr\/hr\/wp-json\/wp\/v2\/pages\/209\/revisions"}],"predecessor-version":[{"id":348,"href":"https:\/\/esgconsulting.hr\/hr\/wp-json\/wp\/v2\/pages\/209\/revisions\/348"}],"wp:featuredmedia":[{"embeddable":true,"href":"https:\/\/esgconsulting.hr\/hr\/wp-json\/wp\/v2\/media\/310"}],"wp:attachment":[{"href":"https:\/\/esgconsulting.hr\/hr\/wp-json\/wp\/v2\/media?parent=209"}],"curies":[{"name":"wp","href":"https:\/\/api.w.org\/{rel}","templated":true}]}}