{"id":192,"date":"2024-06-17T08:31:27","date_gmt":"2024-06-17T08:31:27","guid":{"rendered":"https:\/\/esg.fkaragic.com\/home\/"},"modified":"2024-07-15T12:05:12","modified_gmt":"2024-07-15T12:05:12","slug":"home","status":"publish","type":"page","link":"https:\/\/esgconsulting.hr\/hr\/","title":{"rendered":"Po\u010detna"},"content":{"rendered":"","protected":false},"excerpt":{"rendered":"","protected":false},"author":1,"featured_media":310,"parent":0,"menu_order":0,"comment_status":"closed","ping_status":"closed","template":"tpl-home.php","meta":{"footnotes":""},"class_list":["post-192","page","type-page","status-publish","has-post-thumbnail","hentry"],"yoast_head":"<!-- This site is optimized with the Yoast SEO plugin v22.9 - https:\/\/yoast.com\/wordpress\/plugins\/seo\/ -->\n<title>Po\u010detna - ESG Consulting<\/title>\n<meta name=\"description\" content=\"Otkrijte kako na\u0161e ESG savjetodavne usluge mogu pomo\u0107i va\u0161em poslovanju da postigne odr\u017eivost i odgovoran rast. Unaprijedite svoj poslovni model stru\u010dnim smjernicama o ekolo\u0161kim, dru\u0161tvenim i upravlja\u010dkim praksama.\" \/>\n<meta name=\"robots\" content=\"index, follow, max-snippet:-1, max-image-preview:large, max-video-preview:-1\" \/>\n<link rel=\"canonical\" href=\"https:\/\/esgconsulting.hr\/hr\/\" \/>\n<meta property=\"og:locale\" content=\"hr_HR\" \/>\n<meta property=\"og:type\" content=\"article\" \/>\n<meta property=\"og:title\" content=\"Po\u010detna - ESG Consulting\" \/>\n<meta property=\"og:description\" content=\"Otkrijte kako na\u0161e ESG savjetodavne usluge mogu pomo\u0107i va\u0161em poslovanju da postigne odr\u017eivost i odgovoran rast. Unaprijedite svoj poslovni model stru\u010dnim smjernicama o ekolo\u0161kim, dru\u0161tvenim i upravlja\u010dkim praksama.\" \/>\n<meta property=\"og:url\" content=\"https:\/\/esgconsulting.hr\/hr\/\" \/>\n<meta property=\"og:site_name\" content=\"ESG Consulting\" \/>\n<meta property=\"article:modified_time\" content=\"2024-07-15T12:05:12+00:00\" \/>\n<meta name=\"twitter:card\" content=\"summary_large_image\" \/>\n<script type=\"application\/ld+json\" class=\"yoast-schema-graph\">{\"@context\":\"https:\/\/schema.org\",\"@graph\":[{\"@type\":\"WebPage\",\"@id\":\"https:\/\/esgconsulting.hr\/hr\/\",\"url\":\"https:\/\/esgconsulting.hr\/hr\/\",\"name\":\"Po\u010detna - ESG Consulting\",\"isPartOf\":{\"@id\":\"https:\/\/esgconsulting.hr\/#website\"},\"primaryImageOfPage\":{\"@id\":\"https:\/\/esgconsulting.hr\/hr\/#primaryimage\"},\"image\":{\"@id\":\"https:\/\/esgconsulting.hr\/hr\/#primaryimage\"},\"thumbnailUrl\":\"https:\/\/esgconsulting.hr\/wp-content\/uploads\/2024\/07\/ESG-logo-1.jpg\",\"datePublished\":\"2024-06-17T08:31:27+00:00\",\"dateModified\":\"2024-07-15T12:05:12+00:00\",\"description\":\"Otkrijte kako na\u0161e ESG savjetodavne usluge mogu pomo\u0107i va\u0161em poslovanju da postigne odr\u017eivost i odgovoran rast. Unaprijedite svoj poslovni model stru\u010dnim smjernicama o ekolo\u0161kim, dru\u0161tvenim i upravlja\u010dkim praksama.\",\"breadcrumb\":{\"@id\":\"https:\/\/esgconsulting.hr\/hr\/#breadcrumb\"},\"inLanguage\":\"hr\",\"potentialAction\":[{\"@type\":\"ReadAction\",\"target\":[\"https:\/\/esgconsulting.hr\/hr\/\"]}]},{\"@type\":\"ImageObject\",\"inLanguage\":\"hr\",\"@id\":\"https:\/\/esgconsulting.hr\/hr\/#primaryimage\",\"url\":\"https:\/\/esgconsulting.hr\/wp-content\/uploads\/2024\/07\/ESG-logo-1.jpg\",\"contentUrl\":\"https:\/\/esgconsulting.hr\/wp-content\/uploads\/2024\/07\/ESG-logo-1.jpg\",\"width\":1200,\"height\":444},{\"@type\":\"BreadcrumbList\",\"@id\":\"https:\/\/esgconsulting.hr\/hr\/#breadcrumb\",\"itemListElement\":[{\"@type\":\"ListItem\",\"position\":1,\"name\":\"Home\",\"item\":\"https:\/\/esgconsulting.hr\/hr\/\"},{\"@type\":\"ListItem\",\"position\":2,\"name\":\"Po\u010detna\"}]},{\"@type\":\"WebSite\",\"@id\":\"https:\/\/esgconsulting.hr\/#website\",\"url\":\"https:\/\/esgconsulting.hr\/\",\"name\":\"ESG Consulting\",\"description\":\"\",\"publisher\":{\"@id\":\"https:\/\/esgconsulting.hr\/#organization\"},\"potentialAction\":[{\"@type\":\"SearchAction\",\"target\":{\"@type\":\"EntryPoint\",\"urlTemplate\":\"https:\/\/esgconsulting.hr\/?s={search_term_string}\"},\"query-input\":\"required name=search_term_string\"}],\"inLanguage\":\"hr\"},{\"@type\":\"Organization\",\"@id\":\"https:\/\/esgconsulting.hr\/#organization\",\"name\":\"ESG Consulting\",\"url\":\"https:\/\/esgconsulting.hr\/\",\"logo\":{\"@type\":\"ImageObject\",\"inLanguage\":\"hr\",\"@id\":\"https:\/\/esgconsulting.hr\/#\/schema\/logo\/image\/\",\"url\":\"https:\/\/esgconsulting.hr\/wp-content\/uploads\/2024\/07\/logo-1.png\",\"contentUrl\":\"https:\/\/esgconsulting.hr\/wp-content\/uploads\/2024\/07\/logo-1.png\",\"width\":222,\"height\":50,\"caption\":\"ESG Consulting\"},\"image\":{\"@id\":\"https:\/\/esgconsulting.hr\/#\/schema\/logo\/image\/\"}}]}<\/script>\n<!-- \/ Yoast SEO plugin. -->","yoast_head_json":{"title":"Po\u010detna - ESG Consulting","description":"Otkrijte kako na\u0161e ESG savjetodavne usluge mogu pomo\u0107i va\u0161em poslovanju da postigne odr\u017eivost i odgovoran rast. Unaprijedite svoj poslovni model stru\u010dnim smjernicama o ekolo\u0161kim, dru\u0161tvenim i upravlja\u010dkim praksama.","robots":{"index":"index","follow":"follow","max-snippet":"max-snippet:-1","max-image-preview":"max-image-preview:large","max-video-preview":"max-video-preview:-1"},"canonical":"https:\/\/esgconsulting.hr\/hr\/","og_locale":"hr_HR","og_type":"article","og_title":"Po\u010detna - ESG Consulting","og_description":"Otkrijte kako na\u0161e ESG savjetodavne usluge mogu pomo\u0107i va\u0161em poslovanju da postigne odr\u017eivost i odgovoran rast. Unaprijedite svoj poslovni model stru\u010dnim smjernicama o ekolo\u0161kim, dru\u0161tvenim i upravlja\u010dkim praksama.","og_url":"https:\/\/esgconsulting.hr\/hr\/","og_site_name":"ESG Consulting","article_modified_time":"2024-07-15T12:05:12+00:00","twitter_card":"summary_large_image","schema":{"@context":"https:\/\/schema.org","@graph":[{"@type":"WebPage","@id":"https:\/\/esgconsulting.hr\/hr\/","url":"https:\/\/esgconsulting.hr\/hr\/","name":"Po\u010detna - ESG Consulting","isPartOf":{"@id":"https:\/\/esgconsulting.hr\/#website"},"primaryImageOfPage":{"@id":"https:\/\/esgconsulting.hr\/hr\/#primaryimage"},"image":{"@id":"https:\/\/esgconsulting.hr\/hr\/#primaryimage"},"thumbnailUrl":"https:\/\/esgconsulting.hr\/wp-content\/uploads\/2024\/07\/ESG-logo-1.jpg","datePublished":"2024-06-17T08:31:27+00:00","dateModified":"2024-07-15T12:05:12+00:00","description":"Otkrijte kako na\u0161e ESG savjetodavne usluge mogu pomo\u0107i va\u0161em poslovanju da postigne odr\u017eivost i odgovoran rast. Unaprijedite svoj poslovni model stru\u010dnim smjernicama o ekolo\u0161kim, dru\u0161tvenim i upravlja\u010dkim praksama.","breadcrumb":{"@id":"https:\/\/esgconsulting.hr\/hr\/#breadcrumb"},"inLanguage":"hr","potentialAction":[{"@type":"ReadAction","target":["https:\/\/esgconsulting.hr\/hr\/"]}]},{"@type":"ImageObject","inLanguage":"hr","@id":"https:\/\/esgconsulting.hr\/hr\/#primaryimage","url":"https:\/\/esgconsulting.hr\/wp-content\/uploads\/2024\/07\/ESG-logo-1.jpg","contentUrl":"https:\/\/esgconsulting.hr\/wp-content\/uploads\/2024\/07\/ESG-logo-1.jpg","width":1200,"height":444},{"@type":"BreadcrumbList","@id":"https:\/\/esgconsulting.hr\/hr\/#breadcrumb","itemListElement":[{"@type":"ListItem","position":1,"name":"Home","item":"https:\/\/esgconsulting.hr\/hr\/"},{"@type":"ListItem","position":2,"name":"Po\u010detna"}]},{"@type":"WebSite","@id":"https:\/\/esgconsulting.hr\/#website","url":"https:\/\/esgconsulting.hr\/","name":"ESG Consulting","description":"","publisher":{"@id":"https:\/\/esgconsulting.hr\/#organization"},"potentialAction":[{"@type":"SearchAction","target":{"@type":"EntryPoint","urlTemplate":"https:\/\/esgconsulting.hr\/?s={search_term_string}"},"query-input":"required name=search_term_string"}],"inLanguage":"hr"},{"@type":"Organization","@id":"https:\/\/esgconsulting.hr\/#organization","name":"ESG Consulting","url":"https:\/\/esgconsulting.hr\/","logo":{"@type":"ImageObject","inLanguage":"hr","@id":"https:\/\/esgconsulting.hr\/#\/schema\/logo\/image\/","url":"https:\/\/esgconsulting.hr\/wp-content\/uploads\/2024\/07\/logo-1.png","contentUrl":"https:\/\/esgconsulting.hr\/wp-content\/uploads\/2024\/07\/logo-1.png","width":222,"height":50,"caption":"ESG Consulting"},"image":{"@id":"https:\/\/esgconsulting.hr\/#\/schema\/logo\/image\/"}}]}},"_links":{"self":[{"href":"https:\/\/esgconsulting.hr\/hr\/wp-json\/wp\/v2\/pages\/192","targetHints":{"allow":["GET"]}}],"collection":[{"href":"https:\/\/esgconsulting.hr\/hr\/wp-json\/wp\/v2\/pages"}],"about":[{"href":"https:\/\/esgconsulting.hr\/hr\/wp-json\/wp\/v2\/types\/page"}],"author":[{"embeddable":true,"href":"https:\/\/esgconsulting.hr\/hr\/wp-json\/wp\/v2\/users\/1"}],"replies":[{"embeddable":true,"href":"https:\/\/esgconsulting.hr\/hr\/wp-json\/wp\/v2\/comments?post=192"}],"version-history":[{"count":11,"href":"https:\/\/esgconsulting.hr\/hr\/wp-json\/wp\/v2\/pages\/192\/revisions"}],"predecessor-version":[{"id":277,"href":"https:\/\/esgconsulting.hr\/hr\/wp-json\/wp\/v2\/pages\/192\/revisions\/277"}],"wp:featuredmedia":[{"embeddable":true,"href":"https:\/\/esgconsulting.hr\/hr\/wp-json\/wp\/v2\/media\/310"}],"wp:attachment":[{"href":"https:\/\/esgconsulting.hr\/hr\/wp-json\/wp\/v2\/media?parent=192"}],"curies":[{"name":"wp","href":"https:\/\/api.w.org\/{rel}","templated":true}]}}